{"id":662,"date":"2019-04-04T13:38:35","date_gmt":"2019-04-04T10:38:35","guid":{"rendered":"http:\/\/www.leverendustriyel.com\/?page_id=662"},"modified":"2025-12-10T08:59:42","modified_gmt":"2025-12-10T05:59:42","slug":"ana-sayfa","status":"publish","type":"page","link":"https:\/\/www.leverendustriyel.com\/","title":{"rendered":"Ana Sayfa"},"content":{"rendered":"\n<div class=\"wp-block-cover aligncenter is-light\"><img data-opt-id=336836871  fetchpriority=\"high\" decoding=\"async\" width=\"821\" height=\"271\" class=\"wp-block-cover__image-background wp-image-1025 size-full\" alt=\"\" src=\"https:\/\/mlxtpg4jf7lt.i.optimole.com\/w:auto\/h:auto\/q:mauto\/f:best\/https:\/\/www.leverendustriyel.com\/wp-content\/uploads\/2025\/12\/temizlik-alirken-1.jpg\" data-object-fit=\"cover\" srcset=\"https:\/\/mlxtpg4jf7lt.i.optimole.com\/w:821\/h:271\/q:mauto\/f:best\/https:\/\/www.leverendustriyel.com\/wp-content\/uploads\/2025\/12\/temizlik-alirken-1.jpg 821w, https:\/\/mlxtpg4jf7lt.i.optimole.com\/w:300\/h:99\/q:mauto\/f:best\/https:\/\/www.leverendustriyel.com\/wp-content\/uploads\/2025\/12\/temizlik-alirken-1.jpg 300w, https:\/\/mlxtpg4jf7lt.i.optimole.com\/w:768\/h:254\/q:mauto\/f:best\/https:\/\/www.leverendustriyel.com\/wp-content\/uploads\/2025\/12\/temizlik-alirken-1.jpg 768w\" sizes=\"(max-width: 821px) 100vw, 821px\" \/><span aria-hidden=\"true\" class=\"wp-block-cover__background has-background-dim\" style=\"background-color:#a3c7db\"><\/span><div class=\"wp-block-cover__inner-container is-layout-constrained wp-block-cover-is-layout-constrained\">\n<p class=\"has-text-align-center has-large-font-size\"><strong>Temizlik ve Hijyen D\u00fcnyas\u0131na Ho\u015fgeldiniz<\/strong><\/p>\n<\/div><\/div>\n\n\n<div class=\"wp-block-image is-style-rounded\">\n<figure class=\"aligncenter size-full is-resized\"><img data-opt-id=1789192980  fetchpriority=\"high\" decoding=\"async\" width=\"720\" height=\"720\" src=\"https:\/\/mlxtpg4jf7lt.i.optimole.com\/w:auto\/h:auto\/q:mauto\/f:best\/https:\/\/www.leverendustriyel.com\/wp-content\/uploads\/2025\/12\/lever-logo.jpg\" alt=\"\" class=\"wp-image-950\" style=\"width:402px;height:auto\" srcset=\"https:\/\/mlxtpg4jf7lt.i.optimole.com\/w:720\/h:720\/q:mauto\/f:best\/https:\/\/www.leverendustriyel.com\/wp-content\/uploads\/2025\/12\/lever-logo.jpg 720w, https:\/\/mlxtpg4jf7lt.i.optimole.com\/w:300\/h:300\/q:mauto\/f:best\/https:\/\/www.leverendustriyel.com\/wp-content\/uploads\/2025\/12\/lever-logo.jpg 300w, https:\/\/mlxtpg4jf7lt.i.optimole.com\/w:150\/h:150\/q:mauto\/f:best\/https:\/\/www.leverendustriyel.com\/wp-content\/uploads\/2025\/12\/lever-logo.jpg 150w\" sizes=\"(max-width: 720px) 100vw, 720px\" \/><\/figure>\n<\/div>\n\n\n<div class=\"wp-block-columns is-layout-flex wp-container-core-columns-is-layout-9d6595d7 wp-block-columns-is-layout-flex\">\n<div class=\"wp-block-column is-layout-flow wp-block-column-is-layout-flow\" style=\"flex-basis:25%\">\n<figure class=\"wp-block-gallery has-nested-images columns-4 is-cropped wp-block-gallery-1 is-layout-flex wp-block-gallery-is-layout-flex\">\n<figure class=\"wp-block-image size-full is-style-rounded\"><img data-opt-id=1060427135  data-opt-src=\"https:\/\/mlxtpg4jf7lt.i.optimole.com\/w:auto\/h:auto\/q:mauto\/f:best\/https:\/\/www.leverendustriyel.com\/wp-content\/uploads\/2025\/12\/DETERJAN-GRUBU-1.png\"  decoding=\"async\" width=\"1080\" height=\"1080\" data-id=\"941\" src=\"data:image/svg+xml,%3Csvg%20viewBox%3D%220%200%20100%%20100%%22%20width%3D%22100%%22%20height%3D%22100%%22%20xmlns%3D%22http%3A%2F%2Fwww.w3.org%2F2000%2Fsvg%22%3E%3Crect%20width%3D%22100%%22%20height%3D%22100%%22%20fill%3D%22transparent%22%2F%3E%3C%2Fsvg%3E\" alt=\"\" class=\"wp-image-941\" old-srcset=\"https:\/\/mlxtpg4jf7lt.i.optimole.com\/w:1080\/h:1080\/q:mauto\/f:best\/https:\/\/www.leverendustriyel.com\/wp-content\/uploads\/2025\/12\/DETERJAN-GRUBU-1.png 1080w, https:\/\/mlxtpg4jf7lt.i.optimole.com\/w:300\/h:300\/q:mauto\/f:best\/https:\/\/www.leverendustriyel.com\/wp-content\/uploads\/2025\/12\/DETERJAN-GRUBU-1.png 300w, https:\/\/mlxtpg4jf7lt.i.optimole.com\/w:1024\/h:1024\/q:mauto\/f:best\/https:\/\/www.leverendustriyel.com\/wp-content\/uploads\/2025\/12\/DETERJAN-GRUBU-1.png 1024w, https:\/\/mlxtpg4jf7lt.i.optimole.com\/w:150\/h:150\/q:mauto\/f:best\/https:\/\/www.leverendustriyel.com\/wp-content\/uploads\/2025\/12\/DETERJAN-GRUBU-1.png 150w, https:\/\/mlxtpg4jf7lt.i.optimole.com\/w:768\/h:768\/q:mauto\/f:best\/https:\/\/www.leverendustriyel.com\/wp-content\/uploads\/2025\/12\/DETERJAN-GRUBU-1.png 768w\" \/><\/figure>\n<\/figure>\n<\/div>\n\n\n\n<div class=\"wp-block-column is-layout-flow wp-block-column-is-layout-flow\" style=\"flex-basis:25%\">\n<figure class=\"wp-block-image size-full is-style-rounded\"><img data-opt-id=1967834857  data-opt-src=\"https:\/\/mlxtpg4jf7lt.i.optimole.com\/w:auto\/h:auto\/q:mauto\/f:best\/https:\/\/www.leverendustriyel.com\/wp-content\/uploads\/2025\/12\/Temizlik-Urunleri-Grubu-1.png\"  decoding=\"async\" width=\"1080\" height=\"1080\" src=\"data:image/svg+xml,%3Csvg%20viewBox%3D%220%200%20100%%20100%%22%20width%3D%22100%%22%20height%3D%22100%%22%20xmlns%3D%22http%3A%2F%2Fwww.w3.org%2F2000%2Fsvg%22%3E%3Crect%20width%3D%22100%%22%20height%3D%22100%%22%20fill%3D%22transparent%22%2F%3E%3C%2Fsvg%3E\" alt=\"\" class=\"wp-image-943\" old-srcset=\"https:\/\/mlxtpg4jf7lt.i.optimole.com\/w:1080\/h:1080\/q:mauto\/f:best\/https:\/\/www.leverendustriyel.com\/wp-content\/uploads\/2025\/12\/Temizlik-Urunleri-Grubu-1.png 1080w, https:\/\/mlxtpg4jf7lt.i.optimole.com\/w:300\/h:300\/q:mauto\/f:best\/https:\/\/www.leverendustriyel.com\/wp-content\/uploads\/2025\/12\/Temizlik-Urunleri-Grubu-1.png 300w, https:\/\/mlxtpg4jf7lt.i.optimole.com\/w:1024\/h:1024\/q:mauto\/f:best\/https:\/\/www.leverendustriyel.com\/wp-content\/uploads\/2025\/12\/Temizlik-Urunleri-Grubu-1.png 1024w, https:\/\/mlxtpg4jf7lt.i.optimole.com\/w:150\/h:150\/q:mauto\/f:best\/https:\/\/www.leverendustriyel.com\/wp-content\/uploads\/2025\/12\/Temizlik-Urunleri-Grubu-1.png 150w, https:\/\/mlxtpg4jf7lt.i.optimole.com\/w:768\/h:768\/q:mauto\/f:best\/https:\/\/www.leverendustriyel.com\/wp-content\/uploads\/2025\/12\/Temizlik-Urunleri-Grubu-1.png 768w\" \/><\/figure>\n<\/div>\n\n\n\n<div class=\"wp-block-column is-layout-flow wp-block-column-is-layout-flow\" style=\"flex-basis:25%\">\n<figure class=\"wp-block-image size-full is-style-rounded\"><img data-opt-id=1662657069  data-opt-src=\"https:\/\/mlxtpg4jf7lt.i.optimole.com\/w:auto\/h:auto\/q:mauto\/f:best\/https:\/\/www.leverendustriyel.com\/wp-content\/uploads\/2025\/12\/Temizlik-Urunleri-Grubu.png\"  decoding=\"async\" width=\"1080\" height=\"1080\" src=\"data:image/svg+xml,%3Csvg%20viewBox%3D%220%200%20100%%20100%%22%20width%3D%22100%%22%20height%3D%22100%%22%20xmlns%3D%22http%3A%2F%2Fwww.w3.org%2F2000%2Fsvg%22%3E%3Crect%20width%3D%22100%%22%20height%3D%22100%%22%20fill%3D%22transparent%22%2F%3E%3C%2Fsvg%3E\" alt=\"\" class=\"wp-image-942\" old-srcset=\"https:\/\/mlxtpg4jf7lt.i.optimole.com\/w:1080\/h:1080\/q:mauto\/f:best\/https:\/\/www.leverendustriyel.com\/wp-content\/uploads\/2025\/12\/Temizlik-Urunleri-Grubu.png 1080w, https:\/\/mlxtpg4jf7lt.i.optimole.com\/w:300\/h:300\/q:mauto\/f:best\/https:\/\/www.leverendustriyel.com\/wp-content\/uploads\/2025\/12\/Temizlik-Urunleri-Grubu.png 300w, https:\/\/mlxtpg4jf7lt.i.optimole.com\/w:1024\/h:1024\/q:mauto\/f:best\/https:\/\/www.leverendustriyel.com\/wp-content\/uploads\/2025\/12\/Temizlik-Urunleri-Grubu.png 1024w, https:\/\/mlxtpg4jf7lt.i.optimole.com\/w:150\/h:150\/q:mauto\/f:best\/https:\/\/www.leverendustriyel.com\/wp-content\/uploads\/2025\/12\/Temizlik-Urunleri-Grubu.png 150w, https:\/\/mlxtpg4jf7lt.i.optimole.com\/w:768\/h:768\/q:mauto\/f:best\/https:\/\/www.leverendustriyel.com\/wp-content\/uploads\/2025\/12\/Temizlik-Urunleri-Grubu.png 768w\" \/><\/figure>\n<\/div>\n\n\n\n<div class=\"wp-block-column is-layout-flow wp-block-column-is-layout-flow\" style=\"flex-basis:25%\">\n<figure class=\"wp-block-image size-full is-style-rounded\"><img data-opt-id=666667672  data-opt-src=\"https:\/\/mlxtpg4jf7lt.i.optimole.com\/w:auto\/h:auto\/q:mauto\/f:best\/https:\/\/www.leverendustriyel.com\/wp-content\/uploads\/2025\/12\/Temizlik-Urunleri-Grubu-4-2.png\"  decoding=\"async\" width=\"1080\" height=\"1080\" src=\"data:image/svg+xml,%3Csvg%20viewBox%3D%220%200%20100%%20100%%22%20width%3D%22100%%22%20height%3D%22100%%22%20xmlns%3D%22http%3A%2F%2Fwww.w3.org%2F2000%2Fsvg%22%3E%3Crect%20width%3D%22100%%22%20height%3D%22100%%22%20fill%3D%22transparent%22%2F%3E%3C%2Fsvg%3E\" alt=\"\" class=\"wp-image-947\" old-srcset=\"https:\/\/mlxtpg4jf7lt.i.optimole.com\/w:1080\/h:1080\/q:mauto\/f:best\/https:\/\/www.leverendustriyel.com\/wp-content\/uploads\/2025\/12\/Temizlik-Urunleri-Grubu-4-2.png 1080w, https:\/\/mlxtpg4jf7lt.i.optimole.com\/w:300\/h:300\/q:mauto\/f:best\/https:\/\/www.leverendustriyel.com\/wp-content\/uploads\/2025\/12\/Temizlik-Urunleri-Grubu-4-2.png 300w, https:\/\/mlxtpg4jf7lt.i.optimole.com\/w:1024\/h:1024\/q:mauto\/f:best\/https:\/\/www.leverendustriyel.com\/wp-content\/uploads\/2025\/12\/Temizlik-Urunleri-Grubu-4-2.png 1024w, https:\/\/mlxtpg4jf7lt.i.optimole.com\/w:150\/h:150\/q:mauto\/f:best\/https:\/\/www.leverendustriyel.com\/wp-content\/uploads\/2025\/12\/Temizlik-Urunleri-Grubu-4-2.png 150w, https:\/\/mlxtpg4jf7lt.i.optimole.com\/w:768\/h:768\/q:mauto\/f:best\/https:\/\/www.leverendustriyel.com\/wp-content\/uploads\/2025\/12\/Temizlik-Urunleri-Grubu-4-2.png 768w\" \/><\/figure>\n<\/div>\n<\/div>\n\n\n\n<hr class=\"wp-block-separator has-alpha-channel-opacity\"\/>\n\n\n<div class=\"wp-block-image is-style-rounded\">\n<figure class=\"aligncenter size-large\"><img data-opt-id=594268397  data-opt-src=\"https:\/\/mlxtpg4jf7lt.i.optimole.com\/w:1024\/h:125\/q:mauto\/f:best\/https:\/\/www.leverendustriyel.com\/wp-content\/uploads\/2025\/12\/sayfa_bize_ulasin.png\"  decoding=\"async\" width=\"1024\" height=\"125\" src=\"data:image/svg+xml,%3Csvg%20viewBox%3D%220%200%201024%20125%22%20width%3D%221024%22%20height%3D%22125%22%20xmlns%3D%22http%3A%2F%2Fwww.w3.org%2F2000%2Fsvg%22%3E%3Crect%20width%3D%221024%22%20height%3D%22125%22%20fill%3D%22transparent%22%2F%3E%3C%2Fsvg%3E\" alt=\"\" class=\"wp-image-949\" old-srcset=\"https:\/\/mlxtpg4jf7lt.i.optimole.com\/w:1024\/h:125\/q:mauto\/f:best\/https:\/\/www.leverendustriyel.com\/wp-content\/uploads\/2025\/12\/sayfa_bize_ulasin.png 1024w, https:\/\/mlxtpg4jf7lt.i.optimole.com\/w:300\/h:37\/q:mauto\/f:best\/https:\/\/www.leverendustriyel.com\/wp-content\/uploads\/2025\/12\/sayfa_bize_ulasin.png 300w, https:\/\/mlxtpg4jf7lt.i.optimole.com\/w:768\/h:94\/q:mauto\/f:best\/https:\/\/www.leverendustriyel.com\/wp-content\/uploads\/2025\/12\/sayfa_bize_ulasin.png 768w, https:\/\/mlxtpg4jf7lt.i.optimole.com\/w:1536\/h:188\/q:mauto\/f:best\/https:\/\/www.leverendustriyel.com\/wp-content\/uploads\/2025\/12\/sayfa_bize_ulasin.png 1536w, https:\/\/mlxtpg4jf7lt.i.optimole.com\/w:1920\/h:235\/q:mauto\/f:best\/https:\/\/www.leverendustriyel.com\/wp-content\/uploads\/2025\/12\/sayfa_bize_ulasin.png 1920w\" \/><\/figure>\n<\/div>\n\n\n<p><\/p>\n","protected":false},"excerpt":{"rendered":"","protected":false},"author":1,"featured_media":0,"parent":0,"menu_order":0,"comment_status":"closed","ping_status":"closed","template":"","meta":{"footnotes":""},"class_list":["post-662","page","type-page","status-publish","hentry"],"_links":{"self":[{"href":"https:\/\/www.leverendustriyel.com\/index.php\/wp-json\/wp\/v2\/pages\/662","targetHints":{"allow":["GET"]}}],"collection":[{"href":"https:\/\/www.leverendustriyel.com\/index.php\/wp-json\/wp\/v2\/pages"}],"about":[{"href":"https:\/\/www.leverendustriyel.com\/index.php\/wp-json\/wp\/v2\/types\/page"}],"author":[{"embeddable":true,"href":"https:\/\/www.leverendustriyel.com\/index.php\/wp-json\/wp\/v2\/users\/1"}],"replies":[{"embeddable":true,"href":"https:\/\/www.leverendustriyel.com\/index.php\/wp-json\/wp\/v2\/comments?post=662"}],"version-history":[{"count":65,"href":"https:\/\/www.leverendustriyel.com\/index.php\/wp-json\/wp\/v2\/pages\/662\/revisions"}],"predecessor-version":[{"id":1048,"href":"https:\/\/www.leverendustriyel.com\/index.php\/wp-json\/wp\/v2\/pages\/662\/revisions\/1048"}],"wp:attachment":[{"href":"https:\/\/www.leverendustriyel.com\/index.php\/wp-json\/wp\/v2\/media?parent=662"}],"curies":[{"name":"wp","href":"https:\/\/api.w.org\/{rel}","templated":true}]}}