{"id":302,"date":"2017-01-04T08:21:52","date_gmt":"2017-01-04T06:21:52","guid":{"rendered":"http:\/\/www.leverendustriyel.com\/?page_id=302"},"modified":"2025-12-09T20:46:43","modified_gmt":"2025-12-09T17:46:43","slug":"markalar","status":"publish","type":"page","link":"https:\/\/www.leverendustriyel.com\/index.php\/markalar\/","title":{"rendered":"Markalar\u0131m\u0131z"},"content":{"rendered":"\n<div class=\"wp-block-group\"><div class=\"wp-block-group__inner-container is-layout-constrained wp-block-group-is-layout-constrained\">\n<div class=\"wp-block-media-text is-stacked-on-mobile\"><figure class=\"wp-block-media-text__media\"><img data-opt-id=1603502523  fetchpriority=\"high\" decoding=\"async\" width=\"370\" height=\"250\" src=\"https:\/\/mlxtpg4jf7lt.i.optimole.com\/w:auto\/h:auto\/q:mauto\/f:best\/https:\/\/www.leverendustriyel.com\/wp-content\/uploads\/2025\/12\/MARATEM.png\" alt=\"\" class=\"wp-image-978 size-full\" srcset=\"https:\/\/mlxtpg4jf7lt.i.optimole.com\/w:370\/h:250\/q:mauto\/f:best\/https:\/\/www.leverendustriyel.com\/wp-content\/uploads\/2025\/12\/MARATEM.png 370w, https:\/\/mlxtpg4jf7lt.i.optimole.com\/w:300\/h:203\/q:mauto\/f:best\/https:\/\/www.leverendustriyel.com\/wp-content\/uploads\/2025\/12\/MARATEM.png 300w\" sizes=\"(max-width: 370px) 100vw, 370px\" \/><\/figure><div class=\"wp-block-media-text__content\">\n<p class=\"has-white-color has-text-color has-link-color wp-elements-8d991cf964ee7484775e9206b2eefeee\">Genel Temizlik \u00dcr\u00fcnleri<\/p>\n\n\n\n<p class=\"has-white-color has-text-color has-link-color wp-elements-15b2e0fb12d59dc53b636a36b3d400e7\">Oda Temizli\u011fi ve Hijyen \u00dcr\u00fcnleri<\/p>\n\n\n\n<p class=\"has-white-color has-text-color has-link-color wp-elements-c00778bad2392c9ba66178a80c147761\">Mutfak Hijyen \u00dcr\u00fcnleri<\/p>\n\n\n\n<p class=\"has-white-color has-text-color has-link-color wp-elements-29c2c9a0cb1388ef3c81f88d27845f53\">Ki\u015fisel Temizlik ve Hijyen \u00dcr\u00fcnleri<\/p>\n\n\n\n<p class=\"has-white-color has-text-color has-link-color wp-elements-1be95163ce62fa0510263fb113e8a08f\">Tekstil Hijyen \u00dcr\u00fcnleri<\/p>\n\n\n\n<p class=\"has-white-color has-text-color has-link-color wp-elements-753e1b1cf427bc58821c321f43a3faf5\">Su \u015eartland\u0131rma \u00dcr\u00fcnleri<\/p>\n<\/div><\/div>\n<\/div><\/div>\n\n\n\n<div class=\"wp-block-media-text is-stacked-on-mobile\"><figure class=\"wp-block-media-text__media\"><img data-opt-id=1422121503  fetchpriority=\"high\" decoding=\"async\" width=\"370\" height=\"250\" src=\"https:\/\/mlxtpg4jf7lt.i.optimole.com\/w:auto\/h:auto\/q:mauto\/f:best\/https:\/\/www.leverendustriyel.com\/wp-content\/uploads\/2025\/12\/SELPAK.png\" alt=\"\" class=\"wp-image-977 size-full\" srcset=\"https:\/\/mlxtpg4jf7lt.i.optimole.com\/w:370\/h:250\/q:mauto\/f:best\/https:\/\/www.leverendustriyel.com\/wp-content\/uploads\/2025\/12\/SELPAK.png 370w, https:\/\/mlxtpg4jf7lt.i.optimole.com\/w:300\/h:203\/q:mauto\/f:best\/https:\/\/www.leverendustriyel.com\/wp-content\/uploads\/2025\/12\/SELPAK.png 300w\" sizes=\"(max-width: 370px) 100vw, 370px\" \/><\/figure><div class=\"wp-block-media-text__content\">\n<p class=\"has-white-color has-text-color has-link-color wp-elements-d2228401c4cbd342b96b34f0054cb30f\">Temizlik ve Hijyen Ka\u011f\u0131t \u00fcr\u00fcnleri<\/p>\n\n\n\n<p class=\"has-white-color has-text-color has-link-color wp-elements-45336f5d758a42355077bd071be792c5\">Hareketli Havlular<\/p>\n\n\n\n<p class=\"has-white-color has-text-color has-link-color wp-elements-12ab0ee93717bd372d4596ca86043c12\">Z katlama Dispanseri \u00dcr\u00fcnler<\/p>\n\n\n\n<p class=\"has-white-color has-text-color has-link-color wp-elements-3f92db5f878b7b03c76ee7226c5a3fd3\">Tuvalet Ka\u011f\u0131d\u0131 \u00dcr\u00fcnleri<\/p>\n\n\n\n<p class=\"has-white-color has-text-color has-link-color wp-elements-e4348cb943c6625df112a38f6ebb18d7\">Pe\u00e7ete Ka\u011f\u0131t \u00dcr\u00fcnleri<\/p>\n<\/div><\/div>\n\n\n\n<div class=\"wp-block-media-text is-stacked-on-mobile\"><figure class=\"wp-block-media-text__media\"><img data-opt-id=522442478  data-opt-src=\"https:\/\/mlxtpg4jf7lt.i.optimole.com\/w:auto\/h:auto\/q:mauto\/f:best\/https:\/\/www.leverendustriyel.com\/wp-content\/uploads\/2025\/12\/TANA.png\"  decoding=\"async\" width=\"370\" height=\"250\" src=\"data:image/svg+xml,%3Csvg%20viewBox%3D%220%200%20100%%20100%%22%20width%3D%22100%%22%20height%3D%22100%%22%20xmlns%3D%22http%3A%2F%2Fwww.w3.org%2F2000%2Fsvg%22%3E%3Crect%20width%3D%22100%%22%20height%3D%22100%%22%20fill%3D%22transparent%22%2F%3E%3C%2Fsvg%3E\" alt=\"\" class=\"wp-image-979 size-full\" old-srcset=\"https:\/\/mlxtpg4jf7lt.i.optimole.com\/w:370\/h:250\/q:mauto\/f:best\/https:\/\/www.leverendustriyel.com\/wp-content\/uploads\/2025\/12\/TANA.png 370w, https:\/\/mlxtpg4jf7lt.i.optimole.com\/w:300\/h:203\/q:mauto\/f:best\/https:\/\/www.leverendustriyel.com\/wp-content\/uploads\/2025\/12\/TANA.png 300w\" \/><\/figure><div class=\"wp-block-media-text__content\">\n<p class=\"has-white-color has-text-color has-link-color wp-elements-b6b038e572133b272982ee097f4e71ba\">Genel Temizlik \u00dcr\u00fcnleri<\/p>\n\n\n\n<p class=\"has-white-color has-text-color has-link-color wp-elements-15b2e0fb12d59dc53b636a36b3d400e7\">Oda Temizli\u011fi ve Hijyen \u00dcr\u00fcnleri<\/p>\n\n\n\n<p class=\"has-white-color has-text-color has-link-color wp-elements-c00778bad2392c9ba66178a80c147761\">Mutfak Hijyen \u00dcr\u00fcnleri<\/p>\n\n\n\n<p class=\"has-white-color has-text-color has-link-color wp-elements-29c2c9a0cb1388ef3c81f88d27845f53\">Ki\u015fisel Temizlik ve Hijyen \u00dcr\u00fcnleri<\/p>\n\n\n\n<p class=\"has-white-color has-text-color has-link-color wp-elements-138a7571112e6cb55c52ec793375f0f1\">Tekstil Hijyen \u00dcr\u00fcnleri<\/p>\n<\/div><\/div>\n\n\n\n<div class=\"wp-block-media-text is-stacked-on-mobile\"><figure class=\"wp-block-media-text__media\"><img data-opt-id=871496628  data-opt-src=\"https:\/\/mlxtpg4jf7lt.i.optimole.com\/w:auto\/h:auto\/q:mauto\/f:best\/https:\/\/www.leverendustriyel.com\/wp-content\/uploads\/2025\/12\/SELIN.png\"  decoding=\"async\" width=\"370\" height=\"250\" src=\"data:image/svg+xml,%3Csvg%20viewBox%3D%220%200%20100%%20100%%22%20width%3D%22100%%22%20height%3D%22100%%22%20xmlns%3D%22http%3A%2F%2Fwww.w3.org%2F2000%2Fsvg%22%3E%3Crect%20width%3D%22100%%22%20height%3D%22100%%22%20fill%3D%22transparent%22%2F%3E%3C%2Fsvg%3E\" alt=\"\" class=\"wp-image-981 size-full\" old-srcset=\"https:\/\/mlxtpg4jf7lt.i.optimole.com\/w:370\/h:250\/q:mauto\/f:best\/https:\/\/www.leverendustriyel.com\/wp-content\/uploads\/2025\/12\/SELIN.png 370w, https:\/\/mlxtpg4jf7lt.i.optimole.com\/w:300\/h:203\/q:mauto\/f:best\/https:\/\/www.leverendustriyel.com\/wp-content\/uploads\/2025\/12\/SELIN.png 300w\" \/><\/figure><div class=\"wp-block-media-text__content\">\n<p class=\"has-white-color has-text-color has-link-color wp-elements-c3add607244417f0dc2a90389300ea26\">Kolonya \u00dcr\u00fcnleri <\/p>\n<\/div><\/div>\n\n\n\n<div class=\"wp-block-media-text is-stacked-on-mobile\"><figure class=\"wp-block-media-text__media\"><img data-opt-id=682917508  data-opt-src=\"https:\/\/mlxtpg4jf7lt.i.optimole.com\/w:auto\/h:auto\/q:mauto\/f:best\/https:\/\/www.leverendustriyel.com\/wp-content\/uploads\/2025\/12\/SENS.png\"  decoding=\"async\" width=\"370\" height=\"250\" src=\"data:image/svg+xml,%3Csvg%20viewBox%3D%220%200%20100%%20100%%22%20width%3D%22100%%22%20height%3D%22100%%22%20xmlns%3D%22http%3A%2F%2Fwww.w3.org%2F2000%2Fsvg%22%3E%3Crect%20width%3D%22100%%22%20height%3D%22100%%22%20fill%3D%22transparent%22%2F%3E%3C%2Fsvg%3E\" alt=\"\" class=\"wp-image-980 size-full\" old-srcset=\"https:\/\/mlxtpg4jf7lt.i.optimole.com\/w:370\/h:250\/q:mauto\/f:best\/https:\/\/www.leverendustriyel.com\/wp-content\/uploads\/2025\/12\/SENS.png 370w, https:\/\/mlxtpg4jf7lt.i.optimole.com\/w:300\/h:203\/q:mauto\/f:best\/https:\/\/www.leverendustriyel.com\/wp-content\/uploads\/2025\/12\/SENS.png 300w\" \/><\/figure><div class=\"wp-block-media-text__content\">\n<p class=\"has-white-color has-text-color has-link-color wp-elements-d2228401c4cbd342b96b34f0054cb30f\">Temizlik ve Hijyen Ka\u011f\u0131t \u00fcr\u00fcnleri<\/p>\n\n\n\n<p class=\"has-white-color has-text-color has-link-color wp-elements-45336f5d758a42355077bd071be792c5\">Hareketli Havlular<\/p>\n\n\n\n<p class=\"has-white-color has-text-color has-link-color wp-elements-12ab0ee93717bd372d4596ca86043c12\">Z katlama Dispanseri \u00dcr\u00fcnler<\/p>\n\n\n\n<p class=\"has-white-color has-text-color has-link-color wp-elements-3f92db5f878b7b03c76ee7226c5a3fd3\">Tuvalet Ka\u011f\u0131d\u0131 \u00dcr\u00fcnleri<\/p>\n\n\n\n<p class=\"has-white-color has-text-color has-link-color wp-elements-4f2d6e8dc7a03a95c951d6ce05a3bc38\">Pe\u00e7ete Ka\u011f\u0131t \u00dcr\u00fcnleri<\/p>\n<\/div><\/div>\n\n\n\n<div class=\"wp-block-media-text is-stacked-on-mobile\"><figure class=\"wp-block-media-text__media\"><img data-opt-id=1413735028  data-opt-src=\"https:\/\/mlxtpg4jf7lt.i.optimole.com\/w:auto\/h:auto\/q:mauto\/f:best\/https:\/\/www.leverendustriyel.com\/wp-content\/uploads\/2025\/12\/DISPO.png\"  decoding=\"async\" width=\"370\" height=\"250\" src=\"data:image/svg+xml,%3Csvg%20viewBox%3D%220%200%20100%%20100%%22%20width%3D%22100%%22%20height%3D%22100%%22%20xmlns%3D%22http%3A%2F%2Fwww.w3.org%2F2000%2Fsvg%22%3E%3Crect%20width%3D%22100%%22%20height%3D%22100%%22%20fill%3D%22transparent%22%2F%3E%3C%2Fsvg%3E\" alt=\"\" class=\"wp-image-982 size-full\" old-srcset=\"https:\/\/mlxtpg4jf7lt.i.optimole.com\/w:370\/h:250\/q:mauto\/f:best\/https:\/\/www.leverendustriyel.com\/wp-content\/uploads\/2025\/12\/DISPO.png 370w, https:\/\/mlxtpg4jf7lt.i.optimole.com\/w:300\/h:203\/q:mauto\/f:best\/https:\/\/www.leverendustriyel.com\/wp-content\/uploads\/2025\/12\/DISPO.png 300w\" \/><\/figure><div class=\"wp-block-media-text__content\">\n<p class=\"has-white-color has-text-color has-link-color wp-elements-e5292a8076d1f1d4b7c60a401bc9b671\">Hijyenik Klozet Kapak \u00d6rt\u00fcs\u00fc \u00dcr\u00fcnleri<\/p>\n<\/div><\/div>\n\n\n\n<div class=\"wp-block-media-text is-stacked-on-mobile is-style-default\"><figure class=\"wp-block-media-text__media\"><img data-opt-id=812319547  data-opt-src=\"https:\/\/mlxtpg4jf7lt.i.optimole.com\/w:auto\/h:auto\/q:mauto\/f:best\/https:\/\/www.leverendustriyel.com\/wp-content\/uploads\/2025\/12\/GREEN-CARE.png\"  decoding=\"async\" width=\"370\" height=\"250\" src=\"data:image/svg+xml,%3Csvg%20viewBox%3D%220%200%20100%%20100%%22%20width%3D%22100%%22%20height%3D%22100%%22%20xmlns%3D%22http%3A%2F%2Fwww.w3.org%2F2000%2Fsvg%22%3E%3Crect%20width%3D%22100%%22%20height%3D%22100%%22%20fill%3D%22transparent%22%2F%3E%3C%2Fsvg%3E\" alt=\"\" class=\"wp-image-983 size-full\" old-srcset=\"https:\/\/mlxtpg4jf7lt.i.optimole.com\/w:370\/h:250\/q:mauto\/f:best\/https:\/\/www.leverendustriyel.com\/wp-content\/uploads\/2025\/12\/GREEN-CARE.png 370w, https:\/\/mlxtpg4jf7lt.i.optimole.com\/w:300\/h:203\/q:mauto\/f:best\/https:\/\/www.leverendustriyel.com\/wp-content\/uploads\/2025\/12\/GREEN-CARE.png 300w\" \/><\/figure><div class=\"wp-block-media-text__content\">\n<p class=\"has-white-color has-text-color has-link-color wp-elements-5fcffa79c0eaa12c1dfeaf4ec44fff65\">Ekolojik Temizlik ve Hijyen \u00fcr\u00fcnleri<\/p>\n<\/div><\/div>\n\n\n\n<div class=\"wp-block-media-text is-stacked-on-mobile is-style-default\"><figure class=\"wp-block-media-text__media\"><img data-opt-id=1251005756  data-opt-src=\"https:\/\/mlxtpg4jf7lt.i.optimole.com\/w:auto\/h:auto\/q:mauto\/f:best\/https:\/\/www.leverendustriyel.com\/wp-content\/uploads\/2025\/12\/oxy-logo.png\"  decoding=\"async\" width=\"742\" height=\"628\" src=\"data:image/svg+xml,%3Csvg%20viewBox%3D%220%200%20100%%20100%%22%20width%3D%22100%%22%20height%3D%22100%%22%20xmlns%3D%22http%3A%2F%2Fwww.w3.org%2F2000%2Fsvg%22%3E%3Crect%20width%3D%22100%%22%20height%3D%22100%%22%20fill%3D%22transparent%22%2F%3E%3C%2Fsvg%3E\" alt=\"\" class=\"wp-image-984 size-full\" old-srcset=\"https:\/\/mlxtpg4jf7lt.i.optimole.com\/w:742\/h:628\/q:mauto\/f:best\/https:\/\/www.leverendustriyel.com\/wp-content\/uploads\/2025\/12\/oxy-logo.png 742w, https:\/\/mlxtpg4jf7lt.i.optimole.com\/w:300\/h:254\/q:mauto\/f:best\/https:\/\/www.leverendustriyel.com\/wp-content\/uploads\/2025\/12\/oxy-logo.png 300w\" \/><\/figure><div class=\"wp-block-media-text__content\">\n<p class=\"has-white-color has-text-color has-link-color wp-elements-e3ed97f585895d91b67d7297cbf3e8d8\">Ekonomik, Hijyen ve Temizlik \u00dcr\u00fcnleri<\/p>\n<\/div><\/div>\n","protected":false},"excerpt":{"rendered":"<p>Genel Temizlik \u00dcr\u00fcnleri Oda Temizli\u011fi ve Hijyen \u00dcr\u00fcnleri Mutfak Hijyen \u00dcr\u00fcnleri Ki\u015fisel Temizlik ve Hijyen \u00dcr\u00fcnleri Tekstil Hijyen \u00dcr\u00fcnleri Su \u015eartland\u0131rma \u00dcr\u00fcnleri Temizlik ve Hijyen Ka\u011f\u0131t \u00fcr\u00fcnleri Hareketli Havlular Z katlama Dispanseri \u00dcr\u00fcnler Tuvalet Ka\u011f\u0131d\u0131 \u00dcr\u00fcnleri Pe\u00e7ete Ka\u011f\u0131t \u00dcr\u00fcnleri Genel Temizlik \u00dcr\u00fcnleri Oda Temizli\u011fi ve Hijyen \u00dcr\u00fcnleri Mutfak Hijyen \u00dcr\u00fcnleri Ki\u015fisel Temizlik ve Hijyen \u00dcr\u00fcnleri [&hellip;]<\/p>\n","protected":false},"author":1,"featured_media":0,"parent":0,"menu_order":0,"comment_status":"closed","ping_status":"closed","template":"","meta":{"footnotes":""},"class_list":["post-302","page","type-page","status-publish","hentry"],"_links":{"self":[{"href":"https:\/\/www.leverendustriyel.com\/index.php\/wp-json\/wp\/v2\/pages\/302","targetHints":{"allow":["GET"]}}],"collection":[{"href":"https:\/\/www.leverendustriyel.com\/index.php\/wp-json\/wp\/v2\/pages"}],"about":[{"href":"https:\/\/www.leverendustriyel.com\/index.php\/wp-json\/wp\/v2\/types\/page"}],"author":[{"embeddable":true,"href":"https:\/\/www.leverendustriyel.com\/index.php\/wp-json\/wp\/v2\/users\/1"}],"replies":[{"embeddable":true,"href":"https:\/\/www.leverendustriyel.com\/index.php\/wp-json\/wp\/v2\/comments?post=302"}],"version-history":[{"count":52,"href":"https:\/\/www.leverendustriyel.com\/index.php\/wp-json\/wp\/v2\/pages\/302\/revisions"}],"predecessor-version":[{"id":1013,"href":"https:\/\/www.leverendustriyel.com\/index.php\/wp-json\/wp\/v2\/pages\/302\/revisions\/1013"}],"wp:attachment":[{"href":"https:\/\/www.leverendustriyel.com\/index.php\/wp-json\/wp\/v2\/media?parent=302"}],"curies":[{"name":"wp","href":"https:\/\/api.w.org\/{rel}","templated":true}]}}