{"id":267,"date":"2016-12-31T11:10:03","date_gmt":"2016-12-31T09:10:03","guid":{"rendered":"http:\/\/www.leverendustriyel.com\/?page_id=267"},"modified":"2025-12-09T20:50:34","modified_gmt":"2025-12-09T17:50:34","slug":"hizmetlerimz","status":"publish","type":"page","link":"https:\/\/www.leverendustriyel.com\/index.php\/hizmetlerimz\/","title":{"rendered":"Hizmetlerimiz"},"content":{"rendered":"<h2 style=\"text-align: center;\"><a href=\"https:\/\/mlxtpg4jf7lt.i.optimole.com\/w:auto\/h:auto\/q:mauto\/f:best\/http:\/\/www.leverendustriyel.com\/wp-content\/uploads\/2016\/12\/danışmanlık.jpg\" rel=\"attachment wp-att-482\"><img data-opt-id=1173737521  fetchpriority=\"high\" decoding=\"async\" class=\"aligncenter wp-image-482 \" src=\"https:\/\/mlxtpg4jf7lt.i.optimole.com\/w:auto\/h:auto\/q:mauto\/f:best\/http:\/\/www.leverendustriyel.com\/wp-content\/uploads\/2016\/12\/danışmanlık.jpg\" alt=\"\" width=\"591\" height=\"395\" srcset=\"https:\/\/mlxtpg4jf7lt.i.optimole.com\/w:800\/h:534\/q:mauto\/f:best\/https:\/\/www.leverendustriyel.com\/wp-content\/uploads\/2016\/12\/dan\u0131\u015fmanl\u0131k.jpg 800w, https:\/\/mlxtpg4jf7lt.i.optimole.com\/w:300\/h:200\/q:mauto\/f:best\/https:\/\/www.leverendustriyel.com\/wp-content\/uploads\/2016\/12\/dan\u0131\u015fmanl\u0131k.jpg 300w, https:\/\/mlxtpg4jf7lt.i.optimole.com\/w:768\/h:513\/q:mauto\/f:best\/https:\/\/www.leverendustriyel.com\/wp-content\/uploads\/2016\/12\/dan\u0131\u015fmanl\u0131k.jpg 768w, https:\/\/mlxtpg4jf7lt.i.optimole.com\/w:370\/h:247\/q:mauto\/f:best\/https:\/\/www.leverendustriyel.com\/wp-content\/uploads\/2016\/12\/dan\u0131\u015fmanl\u0131k.jpg 370w\" sizes=\"(max-width: 591px) 100vw, 591px\" \/><\/a><\/h2>\n<h4 style=\"text-align: center;\">Temizlik ve Hijyen uygulamalar\u0131m\u0131z\u0131n yan\u0131 s\u0131ra, konusunda tecr\u00fcbe ve\u00a0 deneyime sahip uzman personelimiz ile ihtiyac\u0131n\u0131z olan hizmetleri vermek i\u00e7in haz\u0131r\u0131z.<\/h4>\n<h2 style=\"text-align: center;\"><\/h2>\n<hr \/>\n<ul>\n<li>\n<h4>Dan\u0131\u015fmanl\u0131k hizmetleri,<\/h4>\n<\/li>\n<li>Bina bak\u0131m\u0131, temizli\u011fi ve e\u011fitim hizmetleri<\/li>\n<li>Cila uygulama ve \u00a0e\u011fitim hizmetleri<\/li>\n<li>Zemin koruma, kaplama, kayd\u0131rmazl\u0131k uygulama hizmetleri<\/li>\n<li>Hal\u0131, cila y\u0131kama uygulamalar\u0131 ve e\u011fitim hizmetleri<\/li>\n<li>\n<h4>Mutfak hijyeni temizlik uygulamalar\u0131 ve e\u011fitim hizmetleri<\/h4>\n<\/li>\n<li>\n<h4><strong>HACCP<\/strong><\/h4>\n<\/li>\n<li>G\u0131da end\u00fcstrisinde risk analizi olarak nitelendirilen HACCP, &#8220;Tehlike Analizleri ve Kritik Kontrol Noktalar\u0131&#8221; olarak adland\u0131r\u0131lmaktad\u0131r.<\/li>\n<li>HACCP ile ama\u00e7lanan, insan sa\u011fl\u0131\u011f\u0131n\u0131 olumsuz etkileyebilecek unsurlar\u0131n saf d\u0131\u015f\u0131 b\u0131rak\u0131lmas\u0131 i\u00e7in \u00f6nlemlerin al\u0131nmas\u0131d\u0131r. \u0130ncelenme s\u0131ras\u0131nda, g\u0131da zincirindeki t\u00fcm a\u015famalar dikkate al\u0131nmaktad\u0131r. Bu a\u015famalar, \u00f6n haz\u0131rl\u0131k, haz\u0131rl\u0131k, \u00fcretim, ta\u015f\u0131ma, depolama, ambalajlama, muhafaza, ve sevkiyat \u015feklinde s\u0131ralanabilir. Her a\u015famada hijyen ko\u015fullar\u0131na uyum esast\u0131r.<\/li>\n<li>HACCP uygulan\u0131rken, risk analizinin yan\u0131 s\u0131ra, kritik noktalar\u0131n tespiti ve takibi de s\u00f6z konusudur. T\u00fcketiciye y\u00f6nelik riskler, g\u0131dan\u0131n mikro-biyolojik, kimyasal ya da fiziksel etkile\u015fime maruz kalmas\u0131 sonucunda ortaya \u00e7\u0131kmaktad\u0131r. K\u0131saca HACCP, g\u0131da odakl\u0131 bir kalite g\u00fcvence sistemi olarak de\u011ferlendirilebilir.<\/li>\n<li>G\u0131da \u00fcretiminde tehlike analizlerinin yap\u0131lmas\u0131, kritik kontrol noktalar\u0131n\u0131n belirlenmesi ve tehlikelerin giderilmesi esas\u0131na dayal\u0131 %100 g\u0131da g\u00fcvenli\u011fini ama\u00e7layan G\u0131da \u00dcretim Sertifikasyon, G\u0131da Kalite ve G\u00fcvenlik Sistemi\u2019dir.<\/li>\n<li>Hammaddeden-t\u00fcketime risk olu\u015fturabilen her bir noktan\u0131n \u00fcr\u00fcnler baz\u0131nda ayr\u0131 ayr\u0131 belirlenip incelenmesiyle ile tehlike engellenir.<\/li>\n<li>HACCP bir sistemdir ve bilimsel \u00e7al\u0131\u015fmalara dayan\u0131r.<\/li>\n<li>\n<h4>\u00c7ama\u015f\u0131rhane Uygulamalar\u0131 ve Dan\u0131\u015fmanl\u0131k Hizmetleri<\/h4>\n<\/li>\n<li><span id=\"ctl00_cphBody_lblCatHeader\">\u00c7ama\u015f\u0131rhaneniz i\u00e7in size \u00f6zel \u00e7\u00f6z\u00fcmler.<\/span><span id=\"ctl00_cphBody_lblCatDesc\">\u00c7ama\u015f\u0131rhanenizin verimli ve problemsiz \u00e7al\u0131\u015fmas\u0131n\u0131 sa\u011flayan etkin \u00fcr\u00fcnler ve yenilik\u00e7i dozajlama sistemleri<\/span><\/li>\n<\/ul>\n","protected":false},"excerpt":{"rendered":"<p>Temizlik ve Hijyen uygulamalar\u0131m\u0131z\u0131n yan\u0131 s\u0131ra, konusunda tecr\u00fcbe ve\u00a0 deneyime sahip uzman personelimiz ile ihtiyac\u0131n\u0131z olan hizmetleri vermek i\u00e7in haz\u0131r\u0131z. Dan\u0131\u015fmanl\u0131k hizmetleri, Bina bak\u0131m\u0131, temizli\u011fi ve e\u011fitim hizmetleri Cila uygulama ve \u00a0e\u011fitim hizmetleri Zemin koruma, kaplama, kayd\u0131rmazl\u0131k uygulama hizmetleri Hal\u0131, cila y\u0131kama uygulamalar\u0131 ve e\u011fitim hizmetleri Mutfak hijyeni temizlik uygulamalar\u0131 ve e\u011fitim hizmetleri HACCP G\u0131da [&hellip;]<\/p>\n","protected":false},"author":1,"featured_media":0,"parent":0,"menu_order":0,"comment_status":"closed","ping_status":"closed","template":"","meta":{"footnotes":""},"class_list":["post-267","page","type-page","status-publish","hentry"],"_links":{"self":[{"href":"https:\/\/www.leverendustriyel.com\/index.php\/wp-json\/wp\/v2\/pages\/267","targetHints":{"allow":["GET"]}}],"collection":[{"href":"https:\/\/www.leverendustriyel.com\/index.php\/wp-json\/wp\/v2\/pages"}],"about":[{"href":"https:\/\/www.leverendustriyel.com\/index.php\/wp-json\/wp\/v2\/types\/page"}],"author":[{"embeddable":true,"href":"https:\/\/www.leverendustriyel.com\/index.php\/wp-json\/wp\/v2\/users\/1"}],"replies":[{"embeddable":true,"href":"https:\/\/www.leverendustriyel.com\/index.php\/wp-json\/wp\/v2\/comments?post=267"}],"version-history":[{"count":19,"href":"https:\/\/www.leverendustriyel.com\/index.php\/wp-json\/wp\/v2\/pages\/267\/revisions"}],"predecessor-version":[{"id":1016,"href":"https:\/\/www.leverendustriyel.com\/index.php\/wp-json\/wp\/v2\/pages\/267\/revisions\/1016"}],"wp:attachment":[{"href":"https:\/\/www.leverendustriyel.com\/index.php\/wp-json\/wp\/v2\/media?parent=267"}],"curies":[{"name":"wp","href":"https:\/\/api.w.org\/{rel}","templated":true}]}}