{"id":148,"date":"2016-12-24T11:09:49","date_gmt":"2016-12-24T09:09:49","guid":{"rendered":"http:\/\/www.leverendustriyel.com\/?page_id=148"},"modified":"2023-03-27T17:10:08","modified_gmt":"2023-03-27T14:10:08","slug":"markalarimiz","status":"publish","type":"page","link":"https:\/\/www.leverendustriyel.com\/index.php\/markalarimiz\/","title":{"rendered":"De\u011ferlerimiz"},"content":{"rendered":"<h6 style=\"text-align: center;\"><span style=\"color: #ffffff;\"><a style=\"color: #ffffff;\" href=\"http:\/\/www.leverendustriyel.com\/index.php\/markalarimiz\/adsiz\/\" rel=\"attachment wp-att-763\"><img data-opt-id=1307973386  fetchpriority=\"high\" decoding=\"async\" class=\"aligncenter size-medium wp-image-763\" src=\"https:\/\/mlxtpg4jf7lt.i.optimole.com\/w:300\/h:169\/q:mauto\/f:best\/http:\/\/www.leverendustriyel.com\/wp-content\/uploads\/2019\/09\/Adsız.png\" alt=\"\" width=\"300\" height=\"169\" srcset=\"https:\/\/mlxtpg4jf7lt.i.optimole.com\/w:300\/h:169\/q:mauto\/f:best\/https:\/\/www.leverendustriyel.com\/wp-content\/uploads\/2019\/09\/Ads\u0131z.png 300w, https:\/\/mlxtpg4jf7lt.i.optimole.com\/w:581\/h:327\/q:mauto\/f:best\/https:\/\/www.leverendustriyel.com\/wp-content\/uploads\/2019\/09\/Ads\u0131z.png 581w\" sizes=\"(max-width: 300px) 100vw, 300px\" \/><\/a><\/span><\/h6>\n<h6 style=\"text-align: center;\"><span style=\"color: #ffffff;\"><strong>&#8221; \u0130nsanlar\u0131n sa\u011fl\u0131\u011f\u0131 ve esenli\u011fi, her yerde, s\u00fcrd\u00fcr\u00fclebilir bir d\u00fcnyaya ba\u011fl\u0131d\u0131r.\u00a0<\/strong><\/span><\/h6>\n<h6 style=\"text-align: center;\"><span style=\"color: #ffffff;\"><strong>Lever End\u00fcstriyel; mutfak hijyeni, \u00e7ama\u015f\u0131r hijyeni, bina bak\u0131m\u0131, ki\u015fisel hijyen ve dan\u0131\u015fmanl\u0131k alanlar\u0131nda \u00e7\u00f6z\u00fcmler sunuyor. \u00a0<\/strong><\/span><\/h6>\n<h6 style=\"text-align: center;\"><span style=\"color: #ffffff;\"><strong>\u00c7\u00f6z\u00fcmlerimiz, markalar\u0131 koruyor ve sa\u011fl\u0131k, g\u0131da hizmeti, perakende, konaklama ve tesis hizmetleri alanlar\u0131nda faaliyet g\u00f6steren ortaklar\u0131m\u0131z\u0131n performans\u0131n\u0131 art\u0131r\u0131yor, onlara verimlilik sa\u011fl\u0131yor. <\/strong><\/span><\/h6>\n<h6 style=\"text-align: center;\"><span style=\"color: #ffffff;\"><strong>Uzmanl\u0131k alan\u0131m\u0131z, \u00fcr\u00fcn sistemlerini; donan\u0131m, ara\u00e7 ve hizmetleri, su ve enerji kullan\u0131m\u0131n\u0131 azalt\u0131p, i\u015f verimini art\u0131ran \u00e7\u00f6z\u00fcmlerle b\u00fct\u00fcnle\u015ftirir. <\/strong><\/span><\/h6>\n<h6 style=\"text-align: center;\"><span style=\"color: #ffffff;\"><strong>Sundu\u011fumuz \u00fcst\u00fcn \u00e7\u00f6z\u00fcmlerle, daha temiz, daha sa\u011fl\u0131kl\u0131 bir gelecek i\u00e7in k\u00e2rl\u0131, s\u00fcrd\u00fcr\u00fclebilir kurumlar\u0131n olu\u015fturulmas\u0131na yard\u0131mc\u0131 oluyoruz. &#8220;<\/strong><\/span><\/h6>\n<h6 style=\"text-align: center;\"><\/h6>\n<h6 style=\"text-align: center;\"><\/h6>\n","protected":false},"excerpt":{"rendered":"<p>&#8221; \u0130nsanlar\u0131n sa\u011fl\u0131\u011f\u0131 ve esenli\u011fi, her yerde, s\u00fcrd\u00fcr\u00fclebilir bir d\u00fcnyaya ba\u011fl\u0131d\u0131r.\u00a0 Lever End\u00fcstriyel; mutfak hijyeni, \u00e7ama\u015f\u0131r hijyeni, bina bak\u0131m\u0131, ki\u015fisel hijyen ve dan\u0131\u015fmanl\u0131k alanlar\u0131nda \u00e7\u00f6z\u00fcmler sunuyor. \u00a0 \u00c7\u00f6z\u00fcmlerimiz, markalar\u0131 koruyor ve sa\u011fl\u0131k, g\u0131da hizmeti, perakende, konaklama ve tesis hizmetleri alanlar\u0131nda faaliyet g\u00f6steren ortaklar\u0131m\u0131z\u0131n performans\u0131n\u0131 art\u0131r\u0131yor, onlara verimlilik sa\u011fl\u0131yor. Uzmanl\u0131k alan\u0131m\u0131z, \u00fcr\u00fcn sistemlerini; donan\u0131m, ara\u00e7 ve [&hellip;]<\/p>\n","protected":false},"author":1,"featured_media":0,"parent":0,"menu_order":0,"comment_status":"closed","ping_status":"closed","template":"","meta":{"footnotes":""},"class_list":["post-148","page","type-page","status-publish","hentry"],"_links":{"self":[{"href":"https:\/\/www.leverendustriyel.com\/index.php\/wp-json\/wp\/v2\/pages\/148","targetHints":{"allow":["GET"]}}],"collection":[{"href":"https:\/\/www.leverendustriyel.com\/index.php\/wp-json\/wp\/v2\/pages"}],"about":[{"href":"https:\/\/www.leverendustriyel.com\/index.php\/wp-json\/wp\/v2\/types\/page"}],"author":[{"embeddable":true,"href":"https:\/\/www.leverendustriyel.com\/index.php\/wp-json\/wp\/v2\/users\/1"}],"replies":[{"embeddable":true,"href":"https:\/\/www.leverendustriyel.com\/index.php\/wp-json\/wp\/v2\/comments?post=148"}],"version-history":[{"count":22,"href":"https:\/\/www.leverendustriyel.com\/index.php\/wp-json\/wp\/v2\/pages\/148\/revisions"}],"predecessor-version":[{"id":933,"href":"https:\/\/www.leverendustriyel.com\/index.php\/wp-json\/wp\/v2\/pages\/148\/revisions\/933"}],"wp:attachment":[{"href":"https:\/\/www.leverendustriyel.com\/index.php\/wp-json\/wp\/v2\/media?parent=148"}],"curies":[{"name":"wp","href":"https:\/\/api.w.org\/{rel}","templated":true}]}}